{"id":75,"date":"2025-07-09T12:32:24","date_gmt":"2025-07-09T12:32:24","guid":{"rendered":"https:\/\/dianetpettersson.fr\/?page_id=75"},"modified":"2026-01-12T14:18:30","modified_gmt":"2026-01-12T14:18:30","slug":"therapie-de-couple","status":"publish","type":"page","link":"https:\/\/dianetpettersson.fr\/en\/therapie-de-couple\/","title":{"rendered":"Contact"},"content":{"rendered":"<div class=\"wp-block-cover alignfull is-light has-small-font-size has-aspect-ratio\" style=\"padding-top:0px;padding-bottom:0rem;min-height:100vh;aspect-ratio:auto;min-height:unset;\"><img loading=\"lazy\" decoding=\"async\" width=\"1024\" height=\"1024\" class=\"wp-block-cover__image-background wp-image-207 size-large\" alt=\"Th\u00e9rapie de couple\" src=\"https:\/\/dianetpettersson.fr\/wp-content\/uploads\/2025\/07\/WhatsApp-Image-2025-07-01-at-17.43.01-8-1024x1024.jpeg\" data-object-fit=\"cover\" srcset=\"https:\/\/dianetpettersson.fr\/wp-content\/uploads\/2025\/07\/WhatsApp-Image-2025-07-01-at-17.43.01-8-1024x1024.jpeg 1024w, https:\/\/dianetpettersson.fr\/wp-content\/uploads\/2025\/07\/WhatsApp-Image-2025-07-01-at-17.43.01-8-300x300.jpeg 300w, https:\/\/dianetpettersson.fr\/wp-content\/uploads\/2025\/07\/WhatsApp-Image-2025-07-01-at-17.43.01-8-150x150.jpeg 150w, https:\/\/dianetpettersson.fr\/wp-content\/uploads\/2025\/07\/WhatsApp-Image-2025-07-01-at-17.43.01-8-768x769.jpeg 768w, https:\/\/dianetpettersson.fr\/wp-content\/uploads\/2025\/07\/WhatsApp-Image-2025-07-01-at-17.43.01-8.jpeg 1390w\" sizes=\"auto, (max-width: 1024px) 100vw, 1024px\" \/><span aria-hidden=\"true\" class=\"wp-block-cover__background has-background-dim-30 has-background-dim\" style=\"background-color:#d8bea3\"><\/span><div class=\"wp-block-cover__inner-container has-global-padding is-layout-constrained wp-container-core-cover-is-layout-8832b2d1 wp-block-cover-is-layout-constrained\">\n<div class=\"wp-block-group has-global-padding is-content-justification-right is-layout-constrained wp-container-core-group-is-layout-e677a577 wp-block-group-is-layout-constrained\" style=\"border-radius:0px;padding-top:180px;padding-right:0px;padding-bottom:100px;padding-left:0px\">\n<div class=\"wp-block-group has-background has-global-padding is-content-justification-center is-layout-constrained wp-container-core-group-is-layout-af58491e wp-block-group-is-layout-constrained\" style=\"border-radius:20px;background-color:#fefefe;padding-top:32px;padding-right:48px;padding-bottom:40px;padding-left:48px\">\n<h2 class=\"wp-block-heading has-text-color has-link-color has-hedvig-letters-serif-regular-font-family wp-elements-328f94d9ce9f4844706b8e30eaef6285\" style=\"color:#242925;font-size:clamp(1.453rem, 1.453rem + ((1vw - 0.2rem) * 1.722), 2.4rem);\">Prenez rdv ici:<\/h2>\n\n\n\n<div class=\"wp-block-buttons is-layout-flex wp-block-buttons-is-layout-flex\">\n<div class=\"wp-block-button\"><a class=\"wp-block-button__link has-text-color has-background has-link-color has-medium-font-size has-custom-font-size wp-element-button\" href=\"https:\/\/cal.com\/diane-toulemonde-pettersson-dlpbn7\" style=\"border-style:none;border-width:0px;border-radius:16px;color:#fefefe;background-color:#595959;padding-top:var(--wp--preset--spacing--20);padding-right:var(--wp--preset--spacing--40);padding-bottom:var(--wp--preset--spacing--20);padding-left:var(--wp--preset--spacing--40)\"><s>Prendre RDV<\/s><\/a><\/div>\n\n\n\n<div class=\"wp-block-button\"><a class=\"wp-block-button__link has-text-color has-background has-link-color has-medium-font-size has-custom-font-size wp-element-button\" style=\"border-style:none;border-width:0px;border-radius:16px;color:#fefefe;background-color:#cf7940;padding-top:var(--wp--preset--spacing--20);padding-right:var(--wp--preset--spacing--40);padding-bottom:var(--wp--preset--spacing--20);padding-left:var(--wp--preset--spacing--40)\">NB: En cong\u00e9 maternit\u00e9 du 29.01.26 au 31.08.26 (inclus), je reprends les accompagnements \u00e0 partir de septembre. Si vous souhaitez \u00eatre sur la liste des personnes contact\u00e9es, merci de m&rsquo;envoyer un mail avec vos coordonn\u00e9es. Je vous recontacterai dans les plus briefs d\u00e9lais.<\/a><\/div>\n<\/div>\n<\/div>\n\n\n\n<div class=\"wp-block-group has-background has-global-padding is-content-justification-center is-layout-constrained wp-container-core-group-is-layout-af58491e wp-block-group-is-layout-constrained\" style=\"border-radius:20px;background-color:#fefefe;padding-top:32px;padding-right:48px;padding-bottom:40px;padding-left:48px\">\n<h2 class=\"wp-block-heading has-text-color has-link-color has-hedvig-letters-serif-regular-font-family wp-elements-a4814a4721ad2c5cbdb89d90e0476f85\" style=\"color:#242925;font-size:clamp(1.453rem, 1.453rem + ((1vw - 0.2rem) * 1.722), 2.4rem);\">Contact me<\/h2>\n\n\n<style id=\"wpforms-css-vars-90-block-f3616edb-a418-4586-bbbd-6bb3b3743050\">\n\t\t\t\t#wpforms-90.wpforms-block-f3616edb-a418-4586-bbbd-6bb3b3743050 {\n\t\t\t\t--wpforms-field-border-radius: 0.5rem;\n--wpforms-field-border-color: #000000;\n--wpforms-field-border-color-spare: #000000;\n--wpforms-field-text-color: #959e95;\n--wpforms-button-border-radius: 2.5rem;\n--wpforms-button-background-color: #000000;\n--wpforms-field-size-input-height: 43px;\n--wpforms-field-size-input-spacing: 15px;\n--wpforms-field-size-font-size: 16px;\n--wpforms-field-size-line-height: 19px;\n--wpforms-field-size-padding-h: 14px;\n--wpforms-field-size-checkbox-size: 16px;\n--wpforms-field-size-sublabel-spacing: 5px;\n--wpforms-field-size-icon-size: 1;\n--wpforms-label-size-font-size: 14px;\n--wpforms-label-size-line-height: 17px;\n--wpforms-label-size-sublabel-font-size: 13px;\n--wpforms-label-size-sublabel-line-height: 16px;\n--wpforms-button-size-font-size: 17px;\n--wpforms-button-size-height: 41px;\n--wpforms-button-size-padding-h: 15px;\n--wpforms-button-size-margin-top: 10px;\n\t\t\t}\n\t\t\t<\/style><div class=\"wpforms-container wpforms-container-full wpforms-block wpforms-block-f3616edb-a418-4586-bbbd-6bb3b3743050 wpforms-render-modern\" id=\"wpforms-90\"><form id=\"wpforms-form-90\" class=\"wpforms-validate wpforms-form wpforms-ajax-form\" data-formid=\"90\" method=\"post\" enctype=\"multipart\/form-data\" action=\"\/en\/wp-json\/wp\/v2\/pages\/75\" data-token=\"dfdd759c8bc7c904f3d29adf2f091199\" data-token-time=\"1776218248\" data-trp-original-action=\"\/en\/wp-json\/wp\/v2\/pages\/75\"><noscript class=\"wpforms-error-noscript\">Please enable JavaScript in your browser to complete this form.<\/noscript><div id=\"wpforms-error-noscript\" style=\"display: none;\">Please enable JavaScript in your browser to complete this form.<\/div><div class=\"wpforms-field-container\"><div id=\"wpforms-90-field_1-container\" class=\"wpforms-field wpforms-field-name wpforms-one-half wpforms-first\" data-field-id=\"1\"><label class=\"wpforms-field-label\" for=\"wpforms-90-field_1\">First and Last Name <span class=\"wpforms-required-label\" aria-hidden=\"true\">*<\/span><\/label><input type=\"text\" id=\"wpforms-90-field_1\" class=\"wpforms-field-medium wpforms-field-required\" name=\"wpforms[fields][1]\" aria-errormessage=\"wpforms-90-field_1-error\" required><\/div><div id=\"wpforms-90-field_2-container\" class=\"wpforms-field wpforms-field-email\" data-field-id=\"2\"><label class=\"wpforms-field-label\" for=\"wpforms-90-field_2\">E-mail <span class=\"wpforms-required-label\" aria-hidden=\"true\">*<\/span><\/label><input type=\"email\" id=\"wpforms-90-field_2\" class=\"wpforms-field-medium wpforms-field-required\" name=\"wpforms[fields][2]\" spellcheck=\"false\" aria-errormessage=\"wpforms-90-field_2-error\" required><\/div><div id=\"wpforms-90-field_4-container\" class=\"wpforms-field wpforms-field-radio\" data-field-id=\"4\"><fieldset><legend class=\"wpforms-field-label\">Your need<\/legend><ul id=\"wpforms-90-field_4\"><li class=\"choice-3 depth-1\"><input type=\"radio\" id=\"wpforms-90-field_4_3\" name=\"wpforms[fields][4]\" value=\"Appel Gratuit\" aria-errormessage=\"wpforms-90-field_4_3-error\"  ><label class=\"wpforms-field-label-inline\" for=\"wpforms-90-field_4_3\">Discovery Call<\/label><\/li><li class=\"choice-1 depth-1\"><input type=\"radio\" id=\"wpforms-90-field_4_1\" name=\"wpforms[fields][4]\" value=\"Th\u00e9rapie de couple\" aria-errormessage=\"wpforms-90-field_4_1-error\"  ><label class=\"wpforms-field-label-inline\" for=\"wpforms-90-field_4_1\">Couple Therapy<\/label><\/li><li class=\"choice-2 depth-1\"><input type=\"radio\" id=\"wpforms-90-field_4_2\" name=\"wpforms[fields][4]\" value=\"Sexoth\u00e9rapie\" aria-errormessage=\"wpforms-90-field_4_2-error\"  ><label class=\"wpforms-field-label-inline\" for=\"wpforms-90-field_4_2\">Sexotherapy<\/label><\/li><li class=\"choice-4 depth-1\"><input type=\"radio\" id=\"wpforms-90-field_4_4\" name=\"wpforms[fields][4]\" value=\"Packs\" aria-errormessage=\"wpforms-90-field_4_4-error\"  ><label class=\"wpforms-field-label-inline\" for=\"wpforms-90-field_4_4\">Packs<\/label><\/li><li class=\"choice-5 depth-1\"><input type=\"radio\" id=\"wpforms-90-field_4_5\" name=\"wpforms[fields][4]\" value=\"Ateliers\" aria-errormessage=\"wpforms-90-field_4_5-error\"  ><label class=\"wpforms-field-label-inline\" for=\"wpforms-90-field_4_5\">Workshops<\/label><\/li><\/ul><\/fieldset><\/div>\t\t<div id=\"wpforms-90-field_5-container\"\n\t\t\tclass=\"wpforms-field wpforms-field-text\"\n\t\t\tdata-field-type=\"text\"\n\t\t\tdata-field-id=\"5\"\n\t\t\t>\n\t\t\t<label class=\"wpforms-field-label\" for=\"wpforms-90-field_5\" >E-mail Nom Votre<\/label>\n\t\t\t<input type=\"text\" id=\"wpforms-90-field_5\" class=\"wpforms-field-medium\" name=\"wpforms[fields][5]\" >\n\t\t<\/div>\n\t\t<div id=\"wpforms-90-field_3-container\" class=\"wpforms-field wpforms-field-textarea\" data-field-id=\"3\"><label class=\"wpforms-field-label\" for=\"wpforms-90-field_3\">Message<\/label><textarea id=\"wpforms-90-field_3\" class=\"wpforms-field-medium\" name=\"wpforms[fields][3]\" aria-errormessage=\"wpforms-90-field_3-error\" aria-describedby=\"wpforms-90-field_3-description\" ><\/textarea><div id=\"wpforms-90-field_3-description\" class=\"wpforms-field-description\">Please specify your availability for a free initial discovery call.<\/div><\/div><script>\n\t\t\t\t( function() {\n\t\t\t\t\tconst style = document.createElement( 'style' );\n\t\t\t\t\tstyle.appendChild( document.createTextNode( '#wpforms-90-field_5-container { position: absolute !important; overflow: hidden !important; display: inline !important; height: 1px !important; width: 1px !important; z-index: -1000 !important; padding: 0 !important; } #wpforms-90-field_5-container input { visibility: hidden; } #wpforms-conversational-form-page #wpforms-90-field_5-container label { counter-increment: none; }' ) );\n\t\t\t\t\tdocument.head.appendChild( style );\n\t\t\t\t\tdocument.currentScript?.remove();\n\t\t\t\t} )();\n\t\t\t<\/script><\/div><!-- .wpforms-field-container --><div class=\"wpforms-submit-container\" ><input type=\"hidden\" name=\"wpforms[id]\" value=\"90\"><input type=\"hidden\" name=\"page_title\" value=\"\"><input type=\"hidden\" name=\"page_url\" value=\"https:\/\/dianetpettersson.fr\/en\/wp-json\/wp\/v2\/pages\/75\"><input type=\"hidden\" name=\"url_referer\" value=\"\"><button type=\"submit\" name=\"wpforms[submit]\" id=\"wpforms-submit-90\" class=\"wpforms-submit\" data-alt-text=\"Envoi...\" data-submit-text=\"Envoyer\" aria-live=\"assertive\" value=\"wpforms-submit\">Send<\/button><img loading=\"lazy\" decoding=\"async\" src=\"https:\/\/dianetpettersson.fr\/wp-content\/plugins\/wpforms-lite\/assets\/images\/submit-spin.svg\" class=\"wpforms-submit-spinner\" style=\"display: none;\" width=\"26\" height=\"26\" alt=\"Loading\"><\/div><input type=\"hidden\" name=\"trp-form-language\" value=\"en\"\/><\/form><\/div>  <!-- .wpforms-container --><\/div>\n<\/div>\n<\/div><\/div>","protected":false},"excerpt":{"rendered":"","protected":false},"author":1,"featured_media":0,"parent":0,"menu_order":0,"comment_status":"closed","ping_status":"closed","template":"","meta":{"footnotes":""},"class_list":["post-75","page","type-page","status-publish","hentry"],"_links":{"self":[{"href":"https:\/\/dianetpettersson.fr\/en\/wp-json\/wp\/v2\/pages\/75","targetHints":{"allow":["GET"]}}],"collection":[{"href":"https:\/\/dianetpettersson.fr\/en\/wp-json\/wp\/v2\/pages"}],"about":[{"href":"https:\/\/dianetpettersson.fr\/en\/wp-json\/wp\/v2\/types\/page"}],"author":[{"embeddable":true,"href":"https:\/\/dianetpettersson.fr\/en\/wp-json\/wp\/v2\/users\/1"}],"replies":[{"embeddable":true,"href":"https:\/\/dianetpettersson.fr\/en\/wp-json\/wp\/v2\/comments?post=75"}],"version-history":[{"count":31,"href":"https:\/\/dianetpettersson.fr\/en\/wp-json\/wp\/v2\/pages\/75\/revisions"}],"predecessor-version":[{"id":534,"href":"https:\/\/dianetpettersson.fr\/en\/wp-json\/wp\/v2\/pages\/75\/revisions\/534"}],"wp:attachment":[{"href":"https:\/\/dianetpettersson.fr\/en\/wp-json\/wp\/v2\/media?parent=75"}],"curies":[{"name":"wp","href":"https:\/\/api.w.org\/{rel}","templated":true}]}}