{"id":71,"date":"2025-07-09T12:32:09","date_gmt":"2025-07-09T12:32:09","guid":{"rendered":"https:\/\/dianetpettersson.fr\/?page_id=71"},"modified":"2025-08-05T15:34:44","modified_gmt":"2025-08-05T15:34:44","slug":"specialisee-dans-les-violences-sexuelles","status":"publish","type":"page","link":"https:\/\/dianetpettersson.fr\/en\/specialisee-dans-les-violences-sexuelles\/","title":{"rendered":"About"},"content":{"rendered":"<div class=\"wp-block-cover alignfull is-light has-parallax\" style=\"min-height:1068px;aspect-ratio:unset;\"><div class=\"wp-block-cover__image-background has-parallax\" style=\"background-position:50% 50%;background-image:url(blob:https:\/\/dianetpettersson.fr\/efa5c6b3-8092-4119-af1c-3dbf7b0f93b9)\"><\/div><span aria-hidden=\"true\" class=\"wp-block-cover__background has-background-dim-0 has-background-dim\" style=\"background-color:#f3f3f3\"><\/span><div class=\"wp-block-cover__inner-container has-global-padding is-layout-constrained wp-block-cover-is-layout-constrained\">\n<div class=\"wp-block-group alignfull has-global-padding is-layout-constrained wp-container-core-group-is-layout-7cffe988 wp-block-group-is-layout-constrained\" style=\"padding-top:180px;padding-bottom:80px\">\n<div class=\"wp-block-columns alignwide is-layout-flex wp-container-core-columns-is-layout-bad5dd0e wp-block-columns-is-layout-flex\">\n<div class=\"wp-block-column is-layout-flow wp-container-core-column-is-layout-1284340a wp-block-column-is-layout-flow\" style=\"padding-right:10px;padding-left:10px;flex-basis:60%\">\n<div class=\"wp-block-group has-global-padding is-content-justification-left is-layout-constrained wp-container-core-group-is-layout-aaf2b7b1 wp-block-group-is-layout-constrained\" style=\"padding-bottom:10px\">\n<h6 class=\"wp-block-heading has-text-color has-link-color wp-elements-0b626fb865a97341d45f911ae19c81c0\" style=\"color:#959e95;font-size:clamp(0.875rem, 0.875rem + ((1vw - 0.2rem) * 0.045), 0.9rem);font-style:normal;font-weight:500\">more than just a job<\/h6>\n\n\n\n<h2 class=\"wp-block-heading has-text-color has-link-color has-hedvig-letters-serif-regular-font-family wp-elements-f4b6c4ace975ab0bd3bd1fef02549e28\" style=\"color:#242925;font-size:clamp(1.551rem, 1.551rem + ((1vw - 0.2rem) * 1.907), 2.6rem);\">My career<\/h2>\n\n\n\n<p style=\"margin-top:30px;font-size:clamp(14px, 0.875rem + ((1vw - 3.2px) * 0.227), 16px);\">I've long been passionate about sexuality and relationships. Very early on, I became aware of the importance of these themes, which are still all too often taboo in our society, and of the way in which our intimacy profoundly reflects our identity.<\/p>\n\n\n\n<p style=\"font-size:clamp(14px, 0.875rem + ((1vw - 3.2px) * 0.227), 16px);\">After several years of reflection, personal research and exploration, I decided to take an in-depth course in sex therapy, in particular with the <strong>CERFPA<\/strong> (a state-recognised private body), as well as through additional training courses (Talx, Spirivie Formation, NousToutes.org).<br>I continue to enrich my practice by working with recognised professionals in the field, such as <strong>Camille Bataillon,<\/strong>and am an active member of a <strong>co-supervision between sexologists and couple therapists<\/strong>, to ensure that our support is always appropriate and ethical. <\/p>\n\n\n\n<p style=\"font-size:clamp(14px, 0.875rem + ((1vw - 3.2px) * 0.227), 16px);\">I also take part in <strong>seminars, conferences and specialist workshops.<\/strong>I'm always on the lookout, reading, using resources and talking to my peers. For me, <strong>ongoing training is a necessity.<\/strong>The aim is to provide the best possible support for the diversity of experiences and realities.<\/p>\n\n\n\n<p style=\"font-size:clamp(14px, 0.875rem + ((1vw - 3.2px) * 0.227), 16px);\">My training courses cover <strong>theoretical, physiological, psychological and sociological aspects of sexuality<\/strong>. Avec une attention particuli\u00e8re port\u00e9e \u00e0 la <strong>psychosomatic and trauma<\/strong>. I specialise specificaly in <strong>sexual violence<\/strong>, this is an area that is very close to my heart.<\/p>\n\n\n\n<p style=\"font-size:clamp(14px, 0.875rem + ((1vw - 3.2px) * 0.227), 16px);\">Today, bringing the voice of <strong>sexual and relational well-being<\/strong>is a mission that I am fully committed to. It's both a vocation and a commitment.<\/p>\n<\/div>\n<\/div>\n\n\n\n<div class=\"wp-block-column is-layout-flow wp-block-column-is-layout-flow\" style=\"padding-right:10px;padding-left:10px;flex-basis:40%\">\n<figure class=\"wp-block-image alignleft size-full has-custom-border\" style=\"margin-top:var(--wp--preset--spacing--80);margin-right:0;margin-bottom:var(--wp--preset--spacing--80);margin-left:0\"><img loading=\"lazy\" decoding=\"async\" width=\"1170\" height=\"1167\" src=\"https:\/\/dianetpettersson.fr\/wp-content\/uploads\/2025\/07\/WhatsApp-Image-2025-07-01-at-17.43.01-1-7.jpeg\" alt=\"Th\u00e9rapeute certifi\u00e9e  et Sp\u00e9cialis\u00e9e dans les violences sexuelles\" class=\"wp-image-211\" style=\"border-radius:16px;aspect-ratio:3\/4;object-fit:cover\" srcset=\"https:\/\/dianetpettersson.fr\/wp-content\/uploads\/2025\/07\/WhatsApp-Image-2025-07-01-at-17.43.01-1-7.jpeg 1170w, https:\/\/dianetpettersson.fr\/wp-content\/uploads\/2025\/07\/WhatsApp-Image-2025-07-01-at-17.43.01-1-7-300x300.jpeg 300w, https:\/\/dianetpettersson.fr\/wp-content\/uploads\/2025\/07\/WhatsApp-Image-2025-07-01-at-17.43.01-1-7-1024x1021.jpeg 1024w, https:\/\/dianetpettersson.fr\/wp-content\/uploads\/2025\/07\/WhatsApp-Image-2025-07-01-at-17.43.01-1-7-150x150.jpeg 150w, https:\/\/dianetpettersson.fr\/wp-content\/uploads\/2025\/07\/WhatsApp-Image-2025-07-01-at-17.43.01-1-7-768x766.jpeg 768w\" sizes=\"auto, (max-width: 1170px) 100vw, 1170px\" \/><\/figure>\n<\/div>\n<\/div>\n<\/div>\n<\/div><\/div>\n\n\n\n<div class=\"wp-block-cover alignfull is-light\"><span aria-hidden=\"true\" class=\"wp-block-cover__background has-background-dim\" style=\"background-color:#f3f3f3\"><\/span><div class=\"wp-block-cover__inner-container has-global-padding is-layout-constrained wp-block-cover-is-layout-constrained\">\n<div class=\"wp-block-group alignfull has-global-padding is-layout-constrained wp-container-core-group-is-layout-0117c4cf wp-block-group-is-layout-constrained\" style=\"padding-top:80px;padding-bottom:80px\">\n<div class=\"wp-block-columns alignwide is-layout-flex wp-container-core-columns-is-layout-28f84493 wp-block-columns-is-layout-flex\">\n<div class=\"wp-block-column is-layout-flow wp-block-column-is-layout-flow\" style=\"padding-right:10px;padding-left:10px;flex-basis:50%\">\n<figure class=\"wp-block-image alignright size-large is-resized has-custom-border\" style=\"margin-top:0;margin-right:var(--wp--preset--spacing--60);margin-bottom:0;margin-left:var(--wp--preset--spacing--60)\"><img loading=\"lazy\" decoding=\"async\" width=\"683\" height=\"1024\" src=\"https:\/\/dianetpettersson.fr\/wp-content\/uploads\/2025\/07\/pexels-angela-roma-7479517-683x1024.jpg\" alt=\"Sp\u00e9cialis\u00e9e dans les violences sexuelles\" class=\"wp-image-119\" style=\"border-radius:16px;aspect-ratio:0.75;object-fit:cover;width:438px;height:auto\" srcset=\"https:\/\/dianetpettersson.fr\/wp-content\/uploads\/2025\/07\/pexels-angela-roma-7479517-683x1024.jpg 683w, https:\/\/dianetpettersson.fr\/wp-content\/uploads\/2025\/07\/pexels-angela-roma-7479517-200x300.jpg 200w, https:\/\/dianetpettersson.fr\/wp-content\/uploads\/2025\/07\/pexels-angela-roma-7479517-768x1152.jpg 768w, https:\/\/dianetpettersson.fr\/wp-content\/uploads\/2025\/07\/pexels-angela-roma-7479517-1024x1536.jpg 1024w, https:\/\/dianetpettersson.fr\/wp-content\/uploads\/2025\/07\/pexels-angela-roma-7479517-1365x2048.jpg 1365w, https:\/\/dianetpettersson.fr\/wp-content\/uploads\/2025\/07\/pexels-angela-roma-7479517-scaled.jpg 1707w\" sizes=\"auto, (max-width: 683px) 100vw, 683px\" \/><\/figure>\n<\/div>\n\n\n\n<div class=\"wp-block-column is-layout-flow wp-block-column-is-layout-flow\" style=\"padding-right:10px;padding-left:10px;flex-basis:50%\">\n<div class=\"wp-block-group has-global-padding is-content-justification-left is-layout-constrained wp-container-core-group-is-layout-fa0f1ec6 wp-block-group-is-layout-constrained\" style=\"padding-bottom:10px\">\n<h4 class=\"wp-block-heading has-text-color has-link-color wp-elements-5f3489b82f8c820fdac5557ffc7a38bc\" style=\"color:#242925;font-size:12px;font-style:normal;font-weight:600;text-transform:uppercase\">See you there ?<\/h4>\n\n\n\n<h2 class=\"wp-block-heading has-text-color has-link-color has-hedvig-letters-serif-regular-font-family wp-elements-dc53a1ea72c3c7aede56743d36d13298\" style=\"color:#242925;font-size:clamp(1.551rem, 1.551rem + ((1vw - 0.2rem) * 1.907), 2.6rem);\">Going further...<\/h2>\n\n\n\n<p style=\"font-size:clamp(14px, 0.875rem + ((1vw - 3.2px) * 0.455), 18px);\">J&rsquo;ai \u00e0 c\u0153ur de vous accompagner dans la compr\u00e9hension des multiples facettes de la sexualit\u00e9 et du couple. C&rsquo;est pourquoi j&rsquo;ai cr\u00e9\u00e9 \u00ab\u00a0La Gang a Penelope\u00a0\u00bb. Vous y trouverez des contenus clairs et \u00e9clairants, pens\u00e9s pour vous aider \u00e0 mieux comprendre vos d\u00e9sirs. Mais aussi r\u00e9pondre \u00e0 vos questionnements et cultiver la confiance dans votre parcours personnel.<\/p>\n\n\n\n<p style=\"font-size:clamp(14px, 0.875rem + ((1vw - 3.2px) * 0.455), 18px);\">Whether you're looking for specific answers or want to enrich your intimacy in a more comprehensive way. I cover a wide range of topics, from overcoming difficulties to celebrating your unique sexual identity.<br>\u00c0 travers chaque post, mon objectif est de nourrir un dialogue ouvert et de vous encourager \u00e0 vous reconnecter \u00e0 vous-m\u00eame.<\/p>\n\n\n\n<div class=\"wp-block-buttons is-horizontal is-content-justification-left is-layout-flex wp-container-core-buttons-is-layout-4160120e wp-block-buttons-is-layout-flex\" style=\"margin-top:30px\">\n<div class=\"wp-block-button is-style-outline is-style-outline--1\"><a class=\"wp-block-button__link has-text-color has-border-color has-work-sans-regular-font-family has-custom-font-size wp-element-button\" href=\"https:\/\/www.instagram.com\/la_gang_a_penelope?utm_source=ig_web_button_share_sheet&amp;igsh=MWhpbDZhaGxieXBnaQ==\" style=\"border-color:#242925;border-style:solid;border-width:1px;border-radius:2.5rem;color:#242925;padding-top:1.1rem;padding-right:40px;padding-bottom:1.1rem;padding-left:40px;font-size:clamp(0.875rem, 0.875rem + ((1vw - 0.2rem) * 0.227), 1rem);font-style:normal;font-weight:700;line-height:1;text-transform:capitalize\">Join la Gang a Penelope<\/a><\/div>\n<\/div>\n<\/div>\n<\/div>\n<\/div>\n<\/div>\n<\/div><\/div>\n\n\n\n<div class=\"wp-block-group alignfull has-global-padding is-layout-constrained wp-container-core-group-is-layout-917b5710 wp-block-group-is-layout-constrained\" style=\"padding-top:54px;padding-right:0;padding-bottom:54px;padding-left:0\">\n<div class=\"wp-block-group has-global-padding is-layout-constrained wp-container-core-group-is-layout-e2144d17 wp-block-group-is-layout-constrained\">\n<h2 class=\"wp-block-heading has-text-align-center has-text-color has-link-color has-hedvig-letters-serif-regular-font-family wp-elements-c3ec450c616b312f0f98b91cb5677871\" style=\"color:#242925;font-size:clamp(1.119rem, 1.119rem + ((1vw - 0.2rem) * 1.147), 1.75rem);\"><strong>A question ? A doubt ? Don't hesitate to send me an email<\/strong><\/h2>\n<\/div>\n\n\n\n<div class=\"wp-block-group has-global-padding is-layout-constrained wp-container-core-group-is-layout-bea02a06 wp-block-group-is-layout-constrained\">\n<p class=\"has-text-align-center\" style=\"margin-top:30px;font-size:clamp(0.875rem, 0.875rem + ((1vw - 0.2rem) * 0.409), 1.1rem);\"><a href=\"https:\/\/dianetpettersson.fr\/en\/contact\/\">diane.t.pettersson@gmail.com<\/a><\/p>\n<\/div>\n<\/div>\n\n\n\n<figure class=\"wp-block-image aligncenter size-full is-resized has-custom-border\" style=\"margin-top:var(--wp--preset--spacing--60);margin-right:0;margin-bottom:var(--wp--preset--spacing--60);margin-left:0\"><img loading=\"lazy\" decoding=\"async\" width=\"1054\" height=\"1492\" src=\"https:\/\/dianetpettersson.fr\/wp-content\/uploads\/2025\/08\/1_932-pdf.jpg\" alt=\"\" class=\"wp-image-434\" style=\"border-radius:16px;aspect-ratio:0.75;object-fit:cover;width:398px;height:auto\"\/><\/figure>","protected":false},"excerpt":{"rendered":"<p>Une question ? Un doute ? N\u2019h\u00e9sitez pas \u00e0 m\u2019envoyer un mail diane.t.pettersson@gmail.com<\/p>","protected":false},"author":1,"featured_media":211,"parent":0,"menu_order":0,"comment_status":"closed","ping_status":"closed","template":"","meta":{"footnotes":""},"class_list":["post-71","page","type-page","status-publish","has-post-thumbnail","hentry"],"_links":{"self":[{"href":"https:\/\/dianetpettersson.fr\/en\/wp-json\/wp\/v2\/pages\/71","targetHints":{"allow":["GET"]}}],"collection":[{"href":"https:\/\/dianetpettersson.fr\/en\/wp-json\/wp\/v2\/pages"}],"about":[{"href":"https:\/\/dianetpettersson.fr\/en\/wp-json\/wp\/v2\/types\/page"}],"author":[{"embeddable":true,"href":"https:\/\/dianetpettersson.fr\/en\/wp-json\/wp\/v2\/users\/1"}],"replies":[{"embeddable":true,"href":"https:\/\/dianetpettersson.fr\/en\/wp-json\/wp\/v2\/comments?post=71"}],"version-history":[{"count":38,"href":"https:\/\/dianetpettersson.fr\/en\/wp-json\/wp\/v2\/pages\/71\/revisions"}],"predecessor-version":[{"id":437,"href":"https:\/\/dianetpettersson.fr\/en\/wp-json\/wp\/v2\/pages\/71\/revisions\/437"}],"wp:featuredmedia":[{"embeddable":true,"href":"https:\/\/dianetpettersson.fr\/en\/wp-json\/wp\/v2\/media\/211"}],"wp:attachment":[{"href":"https:\/\/dianetpettersson.fr\/en\/wp-json\/wp\/v2\/media?parent=71"}],"curies":[{"name":"wp","href":"https:\/\/api.w.org\/{rel}","templated":true}]}}